{"id":61,"date":"2018-05-24T00:00:31","date_gmt":"2018-05-23T23:00:31","guid":{"rendered":"http:\/\/www.gssv-schwabach.de\/wp\/?page_id=61"},"modified":"2018-05-30T17:41:31","modified_gmt":"2018-05-30T16:41:31","slug":"impressum","status":"publish","type":"page","link":"https:\/\/www.gssv-schwabach.de\/?page_id=61","title":{"rendered":"Impressum"},"content":{"rendered":"<h4 style=\"text-align: center;\">Anbieterkennzeichnung nach \u00a7 5 TMG:<\/h4>\n<p style=\"text-align: center;\">Gro\u00dfkaliber Sportsch\u00fctzenverein 1980 Schwabach e.V.<br \/>\nim Sch\u00fctzengau F\u00fcrth<\/p>\n<h4 style=\"text-align: center;\">Vereinsregister:<\/h4>\n<p style=\"text-align: center;\">Amtsgericht N\u00fcrnberg &#8211; Registergericht, VR 10065<\/p>\n<h4 style=\"text-align: center;\">vertretungsberechtigter Vorstand:<\/h4>\n<p style=\"text-align: center;\">1. Sch\u00fctzenmeister Joachim Blankenberg<\/p>\n<p style=\"text-align: center;\">Grasamerweg 8<\/p>\n<p style=\"text-align: center;\">90556 Cadolzburg<\/p>\n<h4 style=\"text-align: center;\">Redaktion der Webseite:<\/h4>\n<p style=\"text-align: center;\">Joachim Blankenberg<\/p>\n<p style=\"text-align: center;\">Mail: <a href=\"mailto:1.sm@gssv-schwabach.de\">J. Blankenberg<\/a><\/p>\n<p>&nbsp;<\/p>\n<h3 style=\"text-align: center;\">Datenschutzerkl\u00e4rung:<\/h3>\n<p>Allgemeine Hinweise<\/p>\n<p>Nachfolgend m\u00f6chten wir Sie \u00fcber die Art, den Umfang und die Zwecke der Erhebung und Verwendung Ihrer personenbezogenen Daten auf unserer Webseite informieren. Wir behandeln personenbezogene Daten gem\u00e4\u00df dieser Datenschutzerkl\u00e4rung und der gesetzlichen Vorschriften grunds\u00e4tzlich vertraulich. Den Schutz Ihrer pers\u00f6nlichen Daten nehmen wir sehr ernst. Wenn Sie unsere Website benutzen, werden verschiedene personenbezogene Daten erhoben. Personenbezogene Daten sind Daten, mit denen Sie pers\u00f6nlich identifiziert werden k\u00f6nnen. Die vorliegende Datenschutzerkl\u00e4rung erl\u00e4utert, welche Daten wir erheben und wof\u00fcr wir diese nutzen. Sie erl\u00e4utert auch, wie und zu welchem Zweck das geschieht. Eine Daten\u00fcbertragung im Internet kann z.B. bei E-Mail-Kommunikation Sicherheitsl\u00fccken aufweisen Wir m\u00f6chten Sie darauf hinweisen, dass ein l\u00fcckenloser Schutz der Daten vor dem Zugriff durch Dritte nicht m\u00f6glich ist.<a href=\"http:\/\/www.glaesergraphics.de\/\" target=\"blankt\"><br \/>\n<\/a><\/p>\n<p>Hosting<\/p>\n<p>Unsere in Anspruch genommenen Hosting-Leistungen, um den Betrieb der Homepage sicherzustellen, umfassen folgende Leistungen: Plattformdienstleistungen, Webspace, Datenbank, technische Wartung.<br \/>\nWelche Daten werden erfasst und wie?<br \/>\nServer-Log-Dateien Der Provider der Seiten erhebt und speichert automatisch Informationen in so genannten Server-Log-Dateien, die Ihr Browser automatisch \u00fcbermittelt. Dies sind:<br \/>\n&#8211; Browsertyp und Browserversion<br \/>\n&#8211; verwendetes Betriebssystem<br \/>\n&#8211; Referrer URL<br \/>\n&#8211; Hostname des zugreifenden Rechners<br \/>\n&#8211; Uhrzeit der Serveranfrage<br \/>\n&#8211; IP-Adresse<br \/>\nDiese werden ben\u00f6tigt, um Angriffe, einen fehlerhaften Code oder allgemeine Fehler zu identifizieren und werden nach vier Wochen vom Webserver automatisch gel\u00f6scht. Eine Zusammenf\u00fchrung dieser Daten mit anderen Datenquellen findet nicht statt. Grundlage f\u00fcr die Datenverarbeitung ist Art. 6 Abs. 1, b DSGVO, der die Verarbeitung von Daten zur Erf\u00fcllung eines Vertrags oder vorvertraglicher Ma\u00dfnahmen gestattet.<br \/>\nCookies Die Internetseiten verwenden so genannte Cookies. Cookies richten auf Ihrem Rechner keinen Schaden an und enthalten keine Viren. Cookies dienen dazu, unser Angebot nutzerfreundlicher, effektiver und sicherer zu machen. Cookies sind kleine Textdateien, die auf Ihrem Rechner abgelegt werden und die Ihr Browser speichert. Die meisten der von uns verwendeten Cookies sind so genannte \u201cSession-Cookies\u201d. Sie werden nach Ende Ihres Besuchs automatisch gel\u00f6scht. Andere Cookies bleiben auf Ihrem Endger\u00e4t gespeichert bis Sie diese l\u00f6schen. Diese Cookies erm\u00f6glichen es uns, Ihren Browser beim n\u00e4chsten Besuch wiederzuerkennen. Sie k\u00f6nnen Ihren Browser so einstellen, dass Sie \u00fcber das Setzen von Cookies informiert werden und Cookies nur im Einzelfall erlauben, die Annahme von Cookies f\u00fcr bestimmte F\u00e4lle oder generell ausschlie\u00dfen sowie das automatische L\u00f6schen der Cookies beim Schlie\u00dfen des Browsers aktivieren. Bei der Deaktivierung von Cookies kann die Funktionalit\u00e4t dieser Website eingeschr\u00e4nkt sein.<br \/>\nCookies, die zur Durchf\u00fchrung des elektronischen Kommunikationsvorgangs oder zur Bereitstellung bestimmter, von Ihnen erw\u00fcnschter Funktionen (z.B. Warenkorbfunktion) erforderlich sind, werden auf Grundlage von Art. 6 Abs. 1, f DSGVO gespeichert. Der Websitebetreiber hat ein berechtigtes Interesse an der Speicherung von Cookies zur technisch fehlerfreien und optimierten Bereitstellung seiner Dienste.<br \/>\nWof\u00fcr werden erhobene Daten genutzt? Ein Teil der Daten wird erhoben, um eine fehlerfreie Bereitstellung der Website zu gew\u00e4hrleisten. Andere Daten k\u00f6nnen zur Analyse des Nutzerverhaltens verwendet werden.<br \/>\nAnalyse-Tools und Tools von Drittanbietern Wir verwenden keine Analyse-Tools und Tools von Drittanbietern.<br \/>\nKontaktformulare, RSS-Feeds, Onlinemelder<br \/>\nWir verarbeiten Daten (z. B. Namen und Adressen sowie Kontaktdaten von Nutzern), die in den Kontaktformularen, Anmeldung f\u00fcr RSS-Feeds oder im Onlinemelder erhoben werden, um vertraglichen Verpflichtungen, Serviceleistungen und der Organisation von Wettk\u00e4mpfen und Veranstaltungen nachzukommen. Ebenso werden die Vertragsdaten bei einer Abo-Bestellung oder einer Bestellung im BSSB-Online-Shop (z.B. in Anspruch genommene Leistungen, Name, Adresse, Kontaktdaten, Zahlungsinformationen) zwecks Erf\u00fcllung unserer vertraglichen Verpflichtungen gem. Art. 6 Abs. 1 DSGVO verarbeitet.<br \/>\nRoutenplaner Im Service-Center auf unserer Homepage ist als Routenplaner Google Maps implementiert. Hierf\u00fcr gelten die Datenschutzerkl\u00e4rung und Nutzungsbedingungen von Google: https:\/\/policies.google.com\/privacy?hl=de&amp;gl=dehttps:\/\/policies.google.com\/privacy?hl=de&amp;gl=de<br \/>\nWelche Rechte haben Sie bez\u00fcglich Ihrer Daten?<br \/>\nAuskunft, Sperrung, L\u00f6schung Sie haben jederzeit das Recht unentgeltlich Auskunft \u00fcber Herkunft, Empf\u00e4nger und Zweck Ihrer gespeicherten personenbezogenen Daten zu erhalten. Sie haben au\u00dferdem das Recht, die Berichtigung, Sperrung oder L\u00f6schung Ihrer Daten zu verlangen. Des Weiteren steht Ihnen ein Beschwerderecht bei der zust\u00e4ndigen Aufsichtsbeh\u00f6rde zu.<br \/>\nWiderruf Ihrer Einwilligung zur Datenverarbeitung Viele Datenverarbeitungsvorg\u00e4nge sind nur mit Ihrer ausdr\u00fccklichen Einwilligung m\u00f6glich. Sie k\u00f6nnen eine bereits erteilte Einwilligung jederzeit widerrufen. Dazu reicht eine formlose Mitteilung per E-Mail an uns. Die Rechtm\u00e4\u00dfigkeit der bis zum Widerruf erfolgten Datenverarbeitung bleibt vom Widerruf unber\u00fchrt.<br \/>\nVer\u00f6ffentlichung von Daten und Fotos auf der Homepage<br \/>\nIn unseren online-Medien wird von Wettbewerben in Ton, Bild, Video und Text berichtet. Au\u00dferdem werden Ergebnislisten dieser Wettbewerbe ver\u00f6ffentlicht. Eine entsprechende Ergebnisliste ist zwingender Bestandteil des sportlichen Wettkampfes, denn dem sportlichen Wettbewerb ist es immanent, dass man sich mit seinem sportlichen Kontrahenten misst und vergleicht und am Ende feststellt, wer der bessere ist. Diese Feststellung geschieht durch die Ver\u00f6ffentlichung der Ergebnisliste. Damit hat diese aber auch eine Bedeutung f\u00fcr die Zukunft, denn auch zuk\u00fcnftig ist es aus sportlicher Sicht interessant zu wissen, wie der einzelne Teilnehmer bei dem Wettbewerben abgeschnitten hat.<br \/>\nMit der Teilnahme an einem Wettbewerb erkl\u00e4rt sich der Teilnehmer bereit, dass diese Daten, Bilder, Videos erfasst und ver\u00f6ffentlicht werden. Eine sp\u00e4tere L\u00f6schung dieser oder Streichung insbesondere aus den Ergebnislisten erfolgt daher nicht; auch nicht bei Austritt des Teilnehmers aus dem Verein.<br \/>\nSportlerinnen und Sportler, die eine Ver\u00f6ffentlichung ihrer Daten in Ergebnislisten sowie Berichterstattung von Wettbewerben mit ihrer Namensnennung oder Ver\u00f6ffentlichung ihrer Person in Ton, Bild oder Film auf dem Siegertreppchen oder Wettkampf nicht w\u00fcnschen, d\u00fcrfen daher nicht an dem Wettbewerb teilnehmen.<br \/>\nBeschwerderecht bei der zust\u00e4ndigen Aufsichtsbeh\u00f6rde Im Falle datenschutzrechtlicher Verst\u00f6\u00dfe steht dem Betroffenen ein Beschwerderecht bei der zust\u00e4ndigen Aufsichtsbeh\u00f6rde zu. Die Beschwerde kann \u00fcber den Link https:\/\/www.lda.bayern.de\/de\/beschwerde.html an die zust\u00e4ndigen Landesdatenschutzbeauftragten der Aufsichtsbeh\u00f6rde in Bayern erfolgen.<br \/>\nRecht auf Daten\u00fcbertragbarkeit Sie haben das Recht, Daten, die wir auf Grundlage Ihrer Einwilligung oder in Erf\u00fcllung eines Vertrags automatisiert verarbeiten, an sich oder an einen Dritten in einem g\u00e4ngigen, maschinenlesbaren Format aush\u00e4ndigen zu lassen. Sofern Sie die direkte \u00dcbertragung der Daten an einen anderen Verantwortlichen verlangen, erfolgt dies nur, soweit es technisch machbar ist.<br \/>\nSSL- bzw. TLS-Verschl\u00fcsselung Diese Seite nutzt aus Sicherheitsgr\u00fcnden und zum Schutz der \u00dcbertragung vertraulicher Inhalte, wie zum Beispiel Bestellungen oder Anfragen, die Sie an uns als Seitenbetreiber senden, eine SSL-bzw. TLS-Verschl\u00fcsselung. Eine verschl\u00fcsselte Verbindung erkennen Sie daran, dass die Adresszeile des Browsers von \u201chttp:\/\/\u201d auf \u201chttps:\/\/\u201d wechselt und an dem Schloss-Symbol in Ihrer Browserzeile. Wenn die SSL- bzw. TLS-Verschl\u00fcsselung aktiviert ist, k\u00f6nnen die Daten, die Sie an uns \u00fcbermitteln, nicht von Dritten mitgelesen werden<\/p>\n","protected":false},"excerpt":{"rendered":"<p>Anbieterkennzeichnung nach \u00a7 5 TMG: Gro\u00dfkaliber Sportsch\u00fctzenverein 1980 Schwabach e.V. im Sch\u00fctzengau F\u00fcrth Vereinsregister: Amtsgericht N\u00fcrnberg &#8211; Registergericht, VR 10065 vertretungsberechtigter Vorstand: 1. Sch\u00fctzenmeister Joachim Blankenberg Grasamerweg 8 90556 Cadolzburg&#8230; <a class=\"read-more\" href=\"https:\/\/www.gssv-schwabach.de\/?page_id=61\">[Weiterlesen]<\/a><\/p>\n","protected":false},"author":1,"featured_media":0,"parent":0,"menu_order":600,"comment_status":"closed","ping_status":"closed","template":"","meta":{"footnotes":""},"class_list":["post-61","page","type-page","status-publish","hentry","no-post-thumbnail"],"_links":{"self":[{"href":"https:\/\/www.gssv-schwabach.de\/index.php?rest_route=\/wp\/v2\/pages\/61","targetHints":{"allow":["GET"]}}],"collection":[{"href":"https:\/\/www.gssv-schwabach.de\/index.php?rest_route=\/wp\/v2\/pages"}],"about":[{"href":"https:\/\/www.gssv-schwabach.de\/index.php?rest_route=\/wp\/v2\/types\/page"}],"author":[{"embeddable":true,"href":"https:\/\/www.gssv-schwabach.de\/index.php?rest_route=\/wp\/v2\/users\/1"}],"replies":[{"embeddable":true,"href":"https:\/\/www.gssv-schwabach.de\/index.php?rest_route=%2Fwp%2Fv2%2Fcomments&post=61"}],"version-history":[{"count":16,"href":"https:\/\/www.gssv-schwabach.de\/index.php?rest_route=\/wp\/v2\/pages\/61\/revisions"}],"predecessor-version":[{"id":821,"href":"https:\/\/www.gssv-schwabach.de\/index.php?rest_route=\/wp\/v2\/pages\/61\/revisions\/821"}],"wp:attachment":[{"href":"https:\/\/www.gssv-schwabach.de\/index.php?rest_route=%2Fwp%2Fv2%2Fmedia&parent=61"}],"curies":[{"name":"wp","href":"https:\/\/api.w.org\/{rel}","templated":true}]}}