{"id":36,"date":"2010-06-25T20:58:54","date_gmt":"2010-06-25T19:58:54","guid":{"rendered":"http:\/\/www.gssv-schwabach.de\/wp\/?page_id=36"},"modified":"2014-01-19T23:18:47","modified_gmt":"2014-01-19T22:18:47","slug":"mitgliederbereich","status":"publish","type":"page","link":"https:\/\/www.gssv-schwabach.de\/?page_id=36","title":{"rendered":"Mitgliederbereich"},"content":{"rendered":"<p>Beim BDS gibt es neue Formbl\u00e4tter f\u00fcr die Bed\u00fcrfnisbescheinigungen (Stand 24.06.2010).<\/p>\n<p>Dies sind der <a href=\"http:\/\/www.gssv-schwabach.de\/pdf\/BDS\/Waffenbefuerwortung_neu.pdf\" target=\"_blank\">Antrag zur Bef\u00fcrwortung<\/a>,\u00a0 <a href=\"http:\/\/www.gssv-schwabach.de\/pdf\/BDS\/Anlage A und B.pdf\" target=\"_blank\">Anlage A und B<\/a>, <a href=\"http:\/\/www.gssv-schwabach.de\/pdf\/BDS\/Nachweis der Sportschuetzengemeinschaft.pdf\" target=\"_blank\">Nachweis der Sportsch\u00fctzeneigenschaft<\/a> und <a href=\"http:\/\/www.gssv-schwabach.de\/pdf\/BDS\/Hinweise Befuerwortungsantraege.pdf\" target=\"_blank\">Hinweise<\/a> zum Ausf\u00fcllen der Formulare. Die Formulare k\u00f6nnen auf dem PC ausgef\u00fcllt werden.<\/p>\n<hr \/>\n<p>Wenn man eine Waffe ausleihen \/ verleihen m\u00f6chte, dann braucht man das <a href=\"http:\/\/www.gssv-schwabach.de\/formular\/Ueberlassungsvereinbarung.doc\">Formblatt<\/a> f\u00fcr die \u00dcberlassung von erlaubnispflichtigen Waffen,\u00a0 ein Word-Dokument.<\/p>\n<hr \/>\n<p>Der ambitionierte Silhouettensch\u00fctze braucht auf jeden Fall das <a href=\"..\/..\/formular\/Visiertafel.pdf\">Einstellblatt<\/a> f\u00fcr Silhouettenvisierungen. Ausdrucken, ausf\u00fcllen und schon ist man vorne dabei.<\/p>\n<hr \/>\n<p>Hier gibt es von der Zeitschrift Caliber die\u00a0<a href=\"..\/..\/formular\/caliberFAQWiederladen.pdf\" target=\"blank\"> FAQ Wiederladen<\/a> als PDF-Dokument mit Antworten auf die vielen Fragen, die sich so mancher Wiederlader schon gestellt hat.<\/p>\n<hr \/>\n<p>Wichtig sind auch die <a href=\"..\/..\/pdf\/Vollzugshinweise%20_Waffenrecht.pdf\" target=\"blank\">Vollzugshinweise<\/a> zum Waffenrecht des Bayerischen Staatsministerium des Innern (PDF)<\/p>\n<hr \/>\n<p>Der DSB gibt hier <a href=\"..\/..\/pdf\/Hinweise_zur_Kontrolle_der_Aufbewahrung.pdf\" target=\"blank\">Hinweise<\/a> zur Kontrolle der Waffenaufbewahrung durch Mitarbeiter der zust\u00e4ndigen Ordnungsbeh\u00f6rde<\/p>\n<hr \/>\n<p>&nbsp;<\/p>\n","protected":false},"excerpt":{"rendered":"<p>Beim BDS gibt es neue Formbl\u00e4tter f\u00fcr die Bed\u00fcrfnisbescheinigungen (Stand 24.06.2010). Dies sind der Antrag zur Bef\u00fcrwortung,\u00a0 Anlage A und B, Nachweis der Sportsch\u00fctzeneigenschaft und Hinweise zum Ausf\u00fcllen der Formulare&#8230;. <a class=\"read-more\" href=\"https:\/\/www.gssv-schwabach.de\/?page_id=36\">[Weiterlesen]<\/a><\/p>\n","protected":false},"author":1,"featured_media":0,"parent":0,"menu_order":900,"comment_status":"closed","ping_status":"closed","template":"","meta":{"footnotes":""},"class_list":["post-36","page","type-page","status-publish","hentry","no-post-thumbnail"],"_links":{"self":[{"href":"https:\/\/www.gssv-schwabach.de\/index.php?rest_route=\/wp\/v2\/pages\/36","targetHints":{"allow":["GET"]}}],"collection":[{"href":"https:\/\/www.gssv-schwabach.de\/index.php?rest_route=\/wp\/v2\/pages"}],"about":[{"href":"https:\/\/www.gssv-schwabach.de\/index.php?rest_route=\/wp\/v2\/types\/page"}],"author":[{"embeddable":true,"href":"https:\/\/www.gssv-schwabach.de\/index.php?rest_route=\/wp\/v2\/users\/1"}],"replies":[{"embeddable":true,"href":"https:\/\/www.gssv-schwabach.de\/index.php?rest_route=%2Fwp%2Fv2%2Fcomments&post=36"}],"version-history":[{"count":14,"href":"https:\/\/www.gssv-schwabach.de\/index.php?rest_route=\/wp\/v2\/pages\/36\/revisions"}],"predecessor-version":[{"id":776,"href":"https:\/\/www.gssv-schwabach.de\/index.php?rest_route=\/wp\/v2\/pages\/36\/revisions\/776"}],"wp:attachment":[{"href":"https:\/\/www.gssv-schwabach.de\/index.php?rest_route=%2Fwp%2Fv2%2Fmedia&parent=36"}],"curies":[{"name":"wp","href":"https:\/\/api.w.org\/{rel}","templated":true}]}}