{"id":280,"date":"2010-07-26T12:17:02","date_gmt":"2010-07-26T11:17:02","guid":{"rendered":"http:\/\/www.gssv-schwabach.de\/wp\/?page_id=280"},"modified":"2012-06-07T10:20:37","modified_gmt":"2012-06-07T09:20:37","slug":"gauweiler-pokal-2010","status":"publish","type":"page","link":"https:\/\/www.gssv-schwabach.de\/?page_id=280","title":{"rendered":"Gauweiler-Pokal 2010"},"content":{"rendered":"<p>Am 24. Juli 2010 hat erstmals eine GSSV-Mannschaft (A. Blankenberg, J. Blankenberg, F. Hensel) am Wettbewerb zum Gauweiler-Pokal des BDS Bayern teilgenommen und den 15. Platz von 42 startenden Mannschaften belegt.<\/p>\n<p>Beim Gauweiler-Pokal wird mit Kurzwaffen ab Kaliber 9mm auf die \u00fcbliche Distanz von 25m geschossen. Ein Wertungsdurchgang besteht aus den Disziplinen Pr\u00e4zision (2&#215;5 Schu\u00df in 5 Minuten), Intervall (10 x1 Schu\u00df in 3 Sekunden) sowie zwei Zeitserien mit 5 Schu\u00df in 20 bzw. 10 Sekunden. Die maximale Ringzahl betr\u00e4gt 300 Ringe.<\/p>\n<p>Hier die<a href=\"http:\/\/www.bbs-bayern.de\/downloads\/Wettkampf\/Ergebnisse\/Sonstiges\/2010\/Gauweiler_Pokal_Mannschaften_2010.pdf\" target=\"_blank\"> Mannschafts<\/a>&#8211; und <a href=\"http:\/\/www.bbs-bayern.de\/downloads\/Wettkampf\/Ergebnisse\/Sonstiges\/2010\/Gauweiler_Pokal_Einzelwertung_2010.pdf\" target=\"_blank\">Einzelergebnisse<\/a> .<\/p>\n","protected":false},"excerpt":{"rendered":"<p>Am 24. Juli 2010 hat erstmals eine GSSV-Mannschaft (A. Blankenberg, J. Blankenberg, F. Hensel) am Wettbewerb zum Gauweiler-Pokal des BDS Bayern teilgenommen und den 15. Platz von 42 startenden Mannschaften&#8230; <a class=\"read-more\" href=\"https:\/\/www.gssv-schwabach.de\/?page_id=280\">[Weiterlesen]<\/a><\/p>\n","protected":false},"author":1,"featured_media":0,"parent":23,"menu_order":802,"comment_status":"closed","ping_status":"closed","template":"","meta":{"footnotes":""},"class_list":["post-280","page","type-page","status-publish","hentry","no-post-thumbnail"],"_links":{"self":[{"href":"https:\/\/www.gssv-schwabach.de\/index.php?rest_route=\/wp\/v2\/pages\/280","targetHints":{"allow":["GET"]}}],"collection":[{"href":"https:\/\/www.gssv-schwabach.de\/index.php?rest_route=\/wp\/v2\/pages"}],"about":[{"href":"https:\/\/www.gssv-schwabach.de\/index.php?rest_route=\/wp\/v2\/types\/page"}],"author":[{"embeddable":true,"href":"https:\/\/www.gssv-schwabach.de\/index.php?rest_route=\/wp\/v2\/users\/1"}],"replies":[{"embeddable":true,"href":"https:\/\/www.gssv-schwabach.de\/index.php?rest_route=%2Fwp%2Fv2%2Fcomments&post=280"}],"version-history":[{"count":9,"href":"https:\/\/www.gssv-schwabach.de\/index.php?rest_route=\/wp\/v2\/pages\/280\/revisions"}],"predecessor-version":[{"id":727,"href":"https:\/\/www.gssv-schwabach.de\/index.php?rest_route=\/wp\/v2\/pages\/280\/revisions\/727"}],"up":[{"embeddable":true,"href":"https:\/\/www.gssv-schwabach.de\/index.php?rest_route=\/wp\/v2\/pages\/23"}],"wp:attachment":[{"href":"https:\/\/www.gssv-schwabach.de\/index.php?rest_route=%2Fwp%2Fv2%2Fmedia&parent=280"}],"curies":[{"name":"wp","href":"https:\/\/api.w.org\/{rel}","templated":true}]}}