{"id":25,"date":"2010-03-18T20:34:07","date_gmt":"2010-03-18T19:34:07","guid":{"rendered":"http:\/\/www.gssv-schwabach.de\/wp\/?page_id=25"},"modified":"2014-02-26T22:50:21","modified_gmt":"2014-02-26T21:50:21","slug":"vereinsgeschichte","status":"publish","type":"page","link":"https:\/\/www.gssv-schwabach.de\/?page_id=25","title":{"rendered":"Chronik"},"content":{"rendered":"<h2 style=\"text-align: center;\">1980<\/h2>\n<p style=\"text-align: center;\"><img decoding=\"async\" alt=\"\" src=\"..\/..\/bilder\/historie\/image002.jpg\" \/><\/p>\n<p style=\"text-align: justify;\">Gr\u00fcndung des Sch\u00fctzenvereins Gro\u00dfkaliber-Sch\u00fctzenverein Schwabach 1980 e.V. durch die Gr\u00fcndungsmitglieder Reiner Frank, 1. Sch\u00fctzenmeister G\u00fcnter Jungegger, 2. Sch\u00fctzenmeister Herbert Schie\u00dfl, Schriftf\u00fchrer GeorgBand, Sportleiter Heiter Vogel, Kassierer Udo Lehner, Sch\u00fctze Peter Vogel, Sch\u00fctze Joachim Muschweck<\/p>\n<h2 style=\"text-align: center;\">1980<\/h2>\n<p style=\"text-align: justify;\"><img decoding=\"async\" class=\"aligncenter\" alt=\"\" src=\"..\/..\/bilder\/historie\/image004.jpg\" \/>Der Schie\u00dfbetrieb mit historischen Vorderladerwaffen wird auf der Schie\u00dfanlage der Schwarzpulversch\u00fctzen SG 1853 Thalm\u00e4ssing aufgenommen<\/p>\n<h2 style=\"text-align: justify;\">1981<\/h2>\n<p style=\"text-align: center;\"><img decoding=\"async\" alt=\"\" src=\"..\/..\/bilder\/historie\/image006.jpg\" \/><\/p>\n<p style=\"text-align: justify;\">Nach Fertigstellung der Schiessanlage im Vereinsheim des SV Abenberg 1887 gibt es f\u00fcr den GSSVab 1981 die M\u00f6glichkeit dort Kleinkaliber- und Gro\u00dfkaliberkurzwaffen zu schiessen.<\/p>\n<h2 style=\"text-align: center;\">1984<\/h2>\n<p style=\"text-align: center;\"><img decoding=\"async\" alt=\"\" src=\"..\/..\/bilder\/historie\/image008.jpg\" \/><\/p>\n<p style=\"text-align: center;\">Georg Band wird als neuer Sch\u00fctzenmeister gew\u00e4hlt. Neuer Sportleiter wird Emil Sauer<\/p>\n<h2 style=\"text-align: center;\">1985<\/h2>\n<p style=\"text-align: center;\"><img decoding=\"async\" alt=\"\" src=\"..\/..\/bilder\/historie\/image010.jpg\" \/><\/p>\n<p style=\"text-align: justify;\">Nach der Einweihung der neuen Schie\u00dfanlage des SG Rednitzhembach wird ein Mietvertrag geschlossen. Von nun an k\u00f6nnen fast alle Disziplinen geschossen werden. Der Verein hat inzwischen 16 Mitglieder.<\/p>\n<h2 style=\"text-align: center;\">1987<\/h2>\n<p style=\"text-align: center;\"><img decoding=\"async\" alt=\"\" src=\"..\/..\/bilder\/historie\/image012.jpg\" \/><\/p>\n<p style=\"text-align: justify;\">Bereits in den darauf folgenden Jahren k\u00f6nnen die Mannschaften bei Gau- Bezirk- und Bayerischen Meisterschaften starten und erzielen hervorragende Platzierungen. Auch bei den Rundenwettk\u00e4mpfen in Kleinkaliber und Gro\u00dfkalibersportpistole ist der GSSV im Sch\u00fctzengau f\u00fchrend.<\/p>\n<h2 style=\"text-align: center;\">1989<\/h2>\n<p style=\"text-align: center;\"><img decoding=\"async\" alt=\"\" src=\"..\/..\/bilder\/historie\/image014.jpg\" \/><\/p>\n<p style=\"text-align: justify;\">In den Jahren 1989-1990 wird in N\u00fcrnberg-Worzeldorf eine neue, gro\u00dfe Schie\u00dfanlage mit Hilfe der Sch\u00fctzen des GSSV gebaut<\/p>\n<h2 style=\"text-align: center;\">1990<\/h2>\n<p style=\"text-align: center;\"><img decoding=\"async\" alt=\"\" src=\"..\/..\/bilder\/historie\/image016.jpg\" \/><\/p>\n<p style=\"text-align: justify;\">Die Feier zum zehnj\u00e4hrigen Jubil\u00e4um des GSSV wird in Verbindung mit der K\u00f6nigsfeier im Worzeldorfer Vereinsheim abgehalten. Vertreter der Stadt Schwabach, des Sch\u00fctzengaues Schwabach-Roth-Hilpoltstein und viele G\u00e4ste sind anwesend.<\/p>\n<h2 style=\"text-align: center;\">1991<\/h2>\n<p style=\"text-align: center;\"><img decoding=\"async\" alt=\"\" src=\"..\/..\/bilder\/historie\/image018.jpg\" \/><\/p>\n<p style=\"text-align: justify;\">Auf der Standortschiessanlage in Roth wird bei bitterer K\u00e4lte ein 300-Meter-Winter-schiessen mit dem Gro\u00dfkalibergewehr abgehalten.<\/p>\n<h2 style=\"text-align: center;\">1992<\/h2>\n<p style=\"text-align: center;\"><img decoding=\"async\" alt=\"\" src=\"..\/..\/bilder\/historie\/image020.jpg\" \/><\/p>\n<p style=\"text-align: justify;\">Im Sch\u00fctzenjahr 1992 k\u00f6nnen wir gro\u00dfe sportliche Erfolge feiern. Unsere M\u00e4dels der Jugendmannschaft erringen auf der Bayerischen Meisterschaft mit der Luftpistole den 5. Platz. In der Einzelwertung wird Sabine Till zweite Bayerische Meisterin<\/p>\n<h2 style=\"text-align: center;\">1992<\/h2>\n<p style=\"text-align: center;\"><img decoding=\"async\" alt=\"\" src=\"..\/..\/bilder\/historie\/image022.jpg\" \/><\/p>\n<p style=\"text-align: justify;\">In der Disziplin Vorderladerpistole kann unsere erste Mannschaft den Bayerischen Meistertitel erringen. Bei den Deutschen Meisterschaften in Pforzheim hat unsere Mannschaft den 7. Platz in er Disziplin Vorderladerpistole erzielt. Der Einzelsch\u00fctze Georg Band wurde Deutscher Meister in der Altersklasse Vorderladerpistole.<\/p>\n<h2 style=\"text-align: center;\">1996<\/h2>\n<p style=\"text-align: center;\"><img decoding=\"async\" alt=\"\" src=\"..\/..\/bilder\/historie\/image024.jpg\" \/><\/p>\n<p style=\"text-align: justify;\">Bei den Bayerischen Meisterschaften in Hochbr\u00fcck wird unser Mitglied Georg Band in der Altersklasse Gro\u00dfkalibersportpistole dritter Bayerischer Meister. In den folgenden Jahren sind unsere Sch\u00fctzen auf Gau- und Bezirksebene weiterhin erfolgreich<\/p>\n<h2 style=\"text-align: center;\">1998<\/h2>\n<p style=\"text-align: center;\"><img decoding=\"async\" alt=\"\" src=\"..\/..\/bilder\/historie\/image026.jpg\" \/><\/p>\n<p style=\"text-align: justify;\">Gesellschaftlich wie sportlich verstehen es die Sch\u00fctzen des GSSV immer wieder H\u00f6hepunkte zu setzen. So wurden in den vergangenen 25 Jahren viele Vereinswanderungen, Radfahrunternehmungen, Motoradausfl\u00fcge und Familientage in Verbindung mit Gro\u00dfkaliberschiessen z.B. auf der Schiessanlage in Reichelshofen abgehalten.<\/p>\n<h2 style=\"text-align: center;\">2005<\/h2>\n<p style=\"text-align: center;\"><img decoding=\"async\" class=\"aligncenter\" alt=\"\" src=\"..\/..\/bilder\/historie\/image028.jpg\" \/><\/p>\n<p style=\"text-align: justify;\">Im Jahre 2005 feiert der GSSV im Rahmen einer gro\u00dfen Festlichkeit sein 25-j\u00e4hriges Bestehen. In diesem Jahr besteht der Verein aus 41 aktiven und passiven Mitgliedern.<\/p>\n<h2 style=\"text-align: center;\">2013<\/h2>\n<p>Nach einer erneuten Beitragserh\u00f6hung durch den SV Adler Worzeldorf und den daraus folgenden Differenzen mit dessen F\u00fchrung\u00a0 treten fast alle Mitglieder des GSSV Schwabach aus\u00a0 dem SV Adler Worzeldorf aus. Nachdem damit auch die Benutzung der Schie\u00dfst\u00e4tte in Worzeldorf durch den GSSV hinf\u00e4llig wird, kommt es zu einer Abwanderungsbewegung vieler Mitglieder zur PSG Schwabach.Die Mitgliederzahl sinkt auf 15.<\/p>\n<h2 style=\"text-align: center;\">2014<\/h2>\n<p>Im Februar wird auf der ordentlichen Hauptversammlung der Vorstand neu gebildet. Eine neue Schie\u00dfst\u00e4tte f\u00fcr den Verein wird bei der KPSG Cadolzburg gefunden.<\/p>\n<p>&nbsp;<\/p>\n<p>&nbsp;<\/p>\n<p>.<\/p>\n<p>&nbsp;<\/p>\n","protected":false},"excerpt":{"rendered":"<p>1980 Gr\u00fcndung des Sch\u00fctzenvereins Gro\u00dfkaliber-Sch\u00fctzenverein Schwabach 1980 e.V. durch die Gr\u00fcndungsmitglieder Reiner Frank, 1. Sch\u00fctzenmeister G\u00fcnter Jungegger, 2. Sch\u00fctzenmeister Herbert Schie\u00dfl, Schriftf\u00fchrer GeorgBand, Sportleiter Heiter Vogel, Kassierer Udo Lehner, Sch\u00fctze&#8230; <a class=\"read-more\" href=\"https:\/\/www.gssv-schwabach.de\/?page_id=25\">[Weiterlesen]<\/a><\/p>\n","protected":false},"author":1,"featured_media":0,"parent":0,"menu_order":200,"comment_status":"closed","ping_status":"closed","template":"","meta":{"footnotes":""},"class_list":["post-25","page","type-page","status-publish","hentry","no-post-thumbnail"],"_links":{"self":[{"href":"https:\/\/www.gssv-schwabach.de\/index.php?rest_route=\/wp\/v2\/pages\/25","targetHints":{"allow":["GET"]}}],"collection":[{"href":"https:\/\/www.gssv-schwabach.de\/index.php?rest_route=\/wp\/v2\/pages"}],"about":[{"href":"https:\/\/www.gssv-schwabach.de\/index.php?rest_route=\/wp\/v2\/types\/page"}],"author":[{"embeddable":true,"href":"https:\/\/www.gssv-schwabach.de\/index.php?rest_route=\/wp\/v2\/users\/1"}],"replies":[{"embeddable":true,"href":"https:\/\/www.gssv-schwabach.de\/index.php?rest_route=%2Fwp%2Fv2%2Fcomments&post=25"}],"version-history":[{"count":11,"href":"https:\/\/www.gssv-schwabach.de\/index.php?rest_route=\/wp\/v2\/pages\/25\/revisions"}],"predecessor-version":[{"id":795,"href":"https:\/\/www.gssv-schwabach.de\/index.php?rest_route=\/wp\/v2\/pages\/25\/revisions\/795"}],"wp:attachment":[{"href":"https:\/\/www.gssv-schwabach.de\/index.php?rest_route=%2Fwp%2Fv2%2Fmedia&parent=25"}],"curies":[{"name":"wp","href":"https:\/\/api.w.org\/{rel}","templated":true}]}}