{"id":2,"date":"2012-03-09T00:00:35","date_gmt":"2012-03-08T23:00:35","guid":{"rendered":"http:\/\/www.gssv-schwabach.de\/wp\/?page_id=2"},"modified":"2014-02-26T22:57:19","modified_gmt":"2014-02-26T21:57:19","slug":"eine-seite","status":"publish","type":"page","link":"https:\/\/www.gssv-schwabach.de\/?page_id=2","title":{"rendered":"Home"},"content":{"rendered":"<h1><img loading=\"lazy\" decoding=\"async\" class=\"aligncenter\" alt=\"\" src=\"http:\/\/www.gssv-schwabach.de\/bilder\/logo.gif\" width=\"400\" height=\"406\" \/><\/h1>\n<p>Der GSSV Schwabach 1980 e. V. ist ein Gro\u00dfkaliber-Sch\u00fctzenverein und in den Verb\u00e4nden DSB (BSSB) und BDS (BBS) organisiert.<\/p>\n<p>Der Verein beteiligt sich an den Rundenwettk\u00e4mpfen im Gau und im Bezirk.<\/p>\n<p>Unser Schie\u00dfprogramm und das Training absolvieren wir auf dem Schie\u00dfstand der KPSG Cadolzburg. Dort stehen uns eine 25m- Anlagen sowie eine 100m-Anlage f\u00fcr das Gro\u00dfkaliberschie\u00dfen zur Verf\u00fcgung.<\/p>\n<p>Neben den Rundenwettk\u00e4npfen nehmen wir regelm\u00e4\u00dfig an den Wettbewerben und Meisterschaften des BDS teil, einen besonderer Schwerpunkt liegt bei der Disziplin Silhouette. In dieser Disziplin treten wir auch \u00f6fters bei internationalen Wettk\u00e4mpfen z. B. in \u00d6sterreich oder in Tschechien an.<\/p>\n<p><a href=\"http:\/\/www.gssv-schwabach.de\/?attachment_id=718\" rel=\"attachment wp-att-718\"><img loading=\"lazy\" decoding=\"async\" class=\"aligncenter size-full wp-image-718\" title=\"die4\" alt=\"\" src=\"http:\/\/www.gssv-schwabach.de\/wp\/wp-content\/uploads\/2012\/03\/die4.jpg\" width=\"312\" height=\"89\" srcset=\"https:\/\/www.gssv-schwabach.de\/wp\/wp-content\/uploads\/2012\/03\/die4.jpg 312w, https:\/\/www.gssv-schwabach.de\/wp\/wp-content\/uploads\/2012\/03\/die4-300x85.jpg 300w\" sizes=\"auto, (max-width: 312px) 100vw, 312px\" \/><\/a><\/p>\n<p>&nbsp;<\/p>\n<p>&nbsp;<\/p>\n<div id=\"_mcePaste\" style=\"position: absolute; left: -10000px; top: 89px; width: 1px; height: 1px; overflow: hidden;\">\n<table border=\"0\" frame=\"VOID\" rules=\"NONE\" cellspacing=\"0\">\n<colgroup>\n<col width=\"339\" \/> <\/colgroup>\n<tbody>\n<tr>\n<td align=\"LEFT\" width=\"339\" height=\"18\">K\u00f6nigs- und Pokalschie\u00dfen<\/td>\n<\/tr>\n<\/tbody>\n<\/table>\n<\/div>\n","protected":false},"excerpt":{"rendered":"<p>Der GSSV Schwabach 1980 e. V. ist ein Gro\u00dfkaliber-Sch\u00fctzenverein und in den Verb\u00e4nden DSB (BSSB) und BDS (BBS) organisiert. Der Verein beteiligt sich an den Rundenwettk\u00e4mpfen im Gau und im&#8230; <a class=\"read-more\" href=\"https:\/\/www.gssv-schwabach.de\/?page_id=2\">[Weiterlesen]<\/a><\/p>\n","protected":false},"author":1,"featured_media":0,"parent":0,"menu_order":0,"comment_status":"closed","ping_status":"closed","template":"","meta":{"footnotes":""},"class_list":["post-2","page","type-page","status-publish","hentry","no-post-thumbnail"],"_links":{"self":[{"href":"https:\/\/www.gssv-schwabach.de\/index.php?rest_route=\/wp\/v2\/pages\/2","targetHints":{"allow":["GET"]}}],"collection":[{"href":"https:\/\/www.gssv-schwabach.de\/index.php?rest_route=\/wp\/v2\/pages"}],"about":[{"href":"https:\/\/www.gssv-schwabach.de\/index.php?rest_route=\/wp\/v2\/types\/page"}],"author":[{"embeddable":true,"href":"https:\/\/www.gssv-schwabach.de\/index.php?rest_route=\/wp\/v2\/users\/1"}],"replies":[{"embeddable":true,"href":"https:\/\/www.gssv-schwabach.de\/index.php?rest_route=%2Fwp%2Fv2%2Fcomments&post=2"}],"version-history":[{"count":134,"href":"https:\/\/www.gssv-schwabach.de\/index.php?rest_route=\/wp\/v2\/pages\/2\/revisions"}],"predecessor-version":[{"id":797,"href":"https:\/\/www.gssv-schwabach.de\/index.php?rest_route=\/wp\/v2\/pages\/2\/revisions\/797"}],"wp:attachment":[{"href":"https:\/\/www.gssv-schwabach.de\/index.php?rest_route=%2Fwp%2Fv2%2Fmedia&parent=2"}],"curies":[{"name":"wp","href":"https:\/\/api.w.org\/{rel}","templated":true}]}}