{"id":291,"date":"2010-10-01T19:04:30","date_gmt":"2010-10-01T18:04:30","guid":{"rendered":"http:\/\/www.gssv-schwabach.de\/wp\/?page_id=291"},"modified":"2012-06-07T10:20:24","modified_gmt":"2012-06-07T09:20:24","slug":"offene-osterreichische-meisterschaften-silhouette-small-bore-pistol","status":"publish","type":"page","link":"http:\/\/www.gssv-schwabach.de\/?page_id=291","title":{"rendered":"Offene \u00d6M Silhouette SBP"},"content":{"rendered":"<p>Auch in diesem Jahr waren wieder Sch\u00fctzen vom GSSV Schwabach bei den Offenen \u00d6sterreichischen Meisterschaften Silhouette Small Bore Pistol vertreten. Die Meisterschaft wurde auf dem Schie\u00dfstand der Sch\u00fctzengilde Wien in Leobersdorf ausgetragen.<\/p>\n<p>Bei teilweise sonnigem, am Sonntag aber k\u00fchlem und nassen Wetter mit viel Wind wurden die Disziplinen Production, Standing, Revolver und Unlimited am 18. und 19. September ausgetragen.<\/p>\n<p>Die Sch\u00fctzen des GSSV Schwabach konnten einige gute Platzierungen erringen:<\/p>\n<p>Small Bore Production: 4. Platz (J. Blankenberg), 6. Platz (F. Hensel)<\/p>\n<p>Small Bore Unlimited: 3. Platz (A. Blankenberg), 4. Platz (J. Blankenberg)<\/p>\n<p>Alle Ergebnisse der offenen \u00d6M auf der <a href=\"http:\/\/www.amsa.or.at\/events\/2010\/matchresult.php?match=230_oom_sbp\" target=\"_blank\">AMSA-Seite<\/a>.<\/p>\n<p><img decoding=\"async\" src=\"\/bilder\/OEM_SBP_10\/P1030161_web.jpg\" alt=\"\" \/><\/p>\n<hr \/>\n<p><img decoding=\"async\" src=\"\/bilder\/OEM_SBP_10\/SBP_09.jpg\" alt=\"\" \/><\/p>\n<hr \/>\n<p><img decoding=\"async\" src=\"\/bilder\/OEM_SBP_10\/SBP_11.jpg\" alt=\"\" \/><\/p>\n<hr \/>\n<p><img decoding=\"async\" src=\"\/bilder\/OEM_SBP_10\/SBP_15.jpg\" alt=\"\" \/><\/p>\n<hr \/>\n<p><img decoding=\"async\" src=\"\/bilder\/OEM_SBP_10\/SBP_22.jpg\" alt=\"\" \/><\/p>\n<hr \/>\n<p><img decoding=\"async\" src=\"\/bilder\/OEM_SBP_10\/SBP_39.jpg\" alt=\"\" \/><\/p>\n<hr \/>\n<p><img decoding=\"async\" src=\"\/bilder\/OEM_SBP_10\/SBP_40.jpg\" alt=\"\" \/><\/p>\n<hr \/>\n<p><img decoding=\"async\" src=\"\/bilder\/OEM_SBP_10\/SBP_41.jpg\" alt=\"\" \/><\/p>\n<hr \/>\n<p><img decoding=\"async\" src=\"\/bilder\/OEM_SBP_10\/SBP_47.jpg\" alt=\"\" \/><\/p>\n<hr \/>\n<p><img decoding=\"async\" src=\"\/bilder\/OEM_SBP_10\/SBP_50.jpg\" alt=\"\" \/><\/p>\n<hr \/>\n","protected":false},"excerpt":{"rendered":"<p>Auch in diesem Jahr waren wieder Sch\u00fctzen vom GSSV Schwabach bei den Offenen \u00d6sterreichischen Meisterschaften Silhouette Small Bore Pistol vertreten. Die Meisterschaft wurde auf dem Schie\u00dfstand der Sch\u00fctzengilde Wien in&#8230; <a class=\"read-more\" href=\"http:\/\/www.gssv-schwabach.de\/?page_id=291\">[Weiterlesen]<\/a><\/p>\n","protected":false},"author":1,"featured_media":0,"parent":23,"menu_order":801,"comment_status":"closed","ping_status":"closed","template":"","meta":{"footnotes":""},"class_list":["post-291","page","type-page","status-publish","hentry","no-post-thumbnail"],"_links":{"self":[{"href":"http:\/\/www.gssv-schwabach.de\/index.php?rest_route=\/wp\/v2\/pages\/291","targetHints":{"allow":["GET"]}}],"collection":[{"href":"http:\/\/www.gssv-schwabach.de\/index.php?rest_route=\/wp\/v2\/pages"}],"about":[{"href":"http:\/\/www.gssv-schwabach.de\/index.php?rest_route=\/wp\/v2\/types\/page"}],"author":[{"embeddable":true,"href":"http:\/\/www.gssv-schwabach.de\/index.php?rest_route=\/wp\/v2\/users\/1"}],"replies":[{"embeddable":true,"href":"http:\/\/www.gssv-schwabach.de\/index.php?rest_route=%2Fwp%2Fv2%2Fcomments&post=291"}],"version-history":[{"count":15,"href":"http:\/\/www.gssv-schwabach.de\/index.php?rest_route=\/wp\/v2\/pages\/291\/revisions"}],"predecessor-version":[{"id":726,"href":"http:\/\/www.gssv-schwabach.de\/index.php?rest_route=\/wp\/v2\/pages\/291\/revisions\/726"}],"up":[{"embeddable":true,"href":"http:\/\/www.gssv-schwabach.de\/index.php?rest_route=\/wp\/v2\/pages\/23"}],"wp:attachment":[{"href":"http:\/\/www.gssv-schwabach.de\/index.php?rest_route=%2Fwp%2Fv2%2Fmedia&parent=291"}],"curies":[{"name":"wp","href":"https:\/\/api.w.org\/{rel}","templated":true}]}}